{"id":2084,"date":"2018-02-10T19:48:58","date_gmt":"2018-02-10T19:48:58","guid":{"rendered":"https:\/\/nestsandwings.de\/ueber\/"},"modified":"2025-08-11T14:35:22","modified_gmt":"2025-08-11T13:35:22","slug":"ueber","status":"publish","type":"page","link":"https:\/\/nestsandwings.de\/de\/ueber\/","title":{"rendered":"\u00dcber uns"},"content":{"rendered":"<p>[et_pb_section fb_built=&#8220;1&#8243; fullwidth=&#8220;on&#8220; admin_label=&#8220;Page Header&#8220; _builder_version=&#8220;4.18.0&#8243; background_image=&#8220;https:\/\/nestsandwings.de\/wp-content\/uploads\/2022\/08\/NW-family.jpg&#8220; locked=&#8220;off&#8220; global_colors_info=&#8220;{}&#8220;][et_pb_fullwidth_header title=&#8220;\u00dcBER MICH&#8220; admin_label=&#8220;Hero Section&#8220; _builder_version=&#8220;4.17.6&#8243; button_one_text_color_hover=&#8220;#6eba01&#8243; button_two_text_color_hover=&#8220;#6eba01&#8243; button_one_border_color_hover=&#8220;#ffffff&#8220; button_two_border_color_hover=&#8220;#ffffff&#8220; button_one_border_radius_hover=&#8220;0&#8243; button_two_border_radius_hover=&#8220;0&#8243; button_one_letter_spacing_hover=&#8220;2&#8243; button_two_letter_spacing_hover=&#8220;2&#8243; button_one_bg_color_hover=&#8220;#ffffff&#8220; button_two_bg_color_hover=&#8220;#ffffff&#8220; global_colors_info=&#8220;{}&#8220;]<\/p>\n<p>ACT GLOBAL | FEEL LOCAL<\/p>\n<p>[\/et_pb_fullwidth_header][\/et_pb_section][et_pb_section fb_built=&#8220;1&#8243; admin_label=&#8220;Our Team&#8220; _builder_version=&#8220;4.16&#8243; custom_padding=&#8220;50px||50px||true|&#8220; global_colors_info=&#8220;{}&#8220;][et_pb_row column_structure=&#8220;2_3,1_3&#8243; use_custom_gutter=&#8220;on&#8220; gutter_width=&#8220;2&#8243; _builder_version=&#8220;4.17.6&#8243; background_size=&#8220;initial&#8220; background_position=&#8220;top_left&#8220; background_repeat=&#8220;repeat&#8220; custom_padding=&#8220;44px|0px|27px|0px&#8220; global_colors_info=&#8220;{}&#8220;][et_pb_column type=&#8220;2_3&#8243; _builder_version=&#8220;4.16&#8243; custom_padding=&#8220;|||&#8220; global_colors_info=&#8220;{}&#8220; custom_padding__hover=&#8220;|||&#8220;][et_pb_text admin_label=&#8220;Title&#8220; _builder_version=&#8220;4.17.6&#8243; header_font=&#8220;Montserrat||||&#8220; header_text_color=&#8220;#1f1f1f&#8220; header_font_size=&#8220;25px&#8220; text_orientation=&#8220;center&#8220; animation_style=&#8220;fold&#8220; animation_direction=&#8220;bottom&#8220; animation_intensity_fold=&#8220;20%&#8220; header_text_color_tablet=&#8220;&#8220; header_text_color_phone=&#8220;&#8220; header_text_color_last_edited=&#8220;on|phone&#8220; locked=&#8220;off&#8220; global_colors_info=&#8220;{}&#8220;]<\/p>\n<h2>CLARE KLINGHAMMER<\/h2>\n<p>[\/et_pb_text][et_pb_text _builder_version=&#8220;4.17.6&#8243; _module_preset=&#8220;default&#8220; global_colors_info=&#8220;{}&#8220;]<\/p>\n<p>Mein Name ist Clare, und ich bin in England aufgewachsen. Seit \u00fcber 20 Jahren lebe und arbeite ich in nun der Region Frankfurt \/ Taunus.<\/p>\n<p>Mit einem sprachlichen und betriebswirtschaftlichen Hintergrund (und zwei wunderbaren Kindern) kombiniere ich meine F\u00e4higkeiten, mein Fachwissen, meine einf\u00fchlsame Pers\u00f6nlichkeit und meinen Erfahrungsschatz, um Sprachkurse sowie Kurse in englischer Sprache f\u00fcr Familien anzubieten.<\/p>\n<p>Ich habe selbst 4 Sprachen gelernt und wei\u00df daher, was es bedeutet, m\u00fchsam eine Sprache zu erlernen. Und als berufst\u00e4tige Mutter verstehe ich sowohl den Wunsch, die Kinder beim erfolgreichen Erlernen der englischen Sprache zu unterst\u00fctzen, als auch die zeitlichen Einschr\u00e4nkungen, die berufst\u00e4tige Eltern haben, wenn sie ihre eigenen Sprachkenntnisse verbessern m\u00f6chten, und ebenfalls den Wunsch den manche Eltern w\u00e4hrend ihres Erziehungsurlaubs versp\u00fcren, das Gehirn &#8222;mit erwachsenen Themen&#8220; zu fordern! Deshalb sind meine Englischkurse f\u00fcr Kindergarten- und Schulkinder, Eltern iin Elternzeit und berufst\u00e4tige Eltern auf die spezifischen Bed\u00fcrfnisse der jeweiligen Gruppe zugeschnitten. Meine speziellen Englischkurse f\u00fcr Kinderg\u00e4rtnerInnen spiegeln ebenfalls die t\u00e4glichen Bed\u00fcrfnisse der Fachkr\u00e4fte wider, effektiv mit Eltern (und Kindern) kommunizieren zu k\u00f6nnen, f\u00fcr die Englisch oft ebenfalls eine Fremdsprache ist. <\/p>\n<p> Als im Ausland lebende Mutter verstehe ich die Herausforderungen, mit denen Eltern konfrontiert sind, insbesondere diejenigen, die nicht (viel) Deutsch sprechen. Aus diesem Grund wurden meine Mama- und Babygruppen, die Spielgruppe f\u00fcr Kleinkinder sowie das monatliche internationale Fr\u00fchst\u00fcck ins Leben gerufen&#8230; um anderen nicht-deutsch(sprachig)en Eltern von Babys und Kleinkindern zu helfen, die bestm\u00f6gliche Erfahrung als Eltern zu machen, obwohl sie sich in einem fremden Land befinden. <\/p>\n<p>Bei Nests &amp; Wings geht es darum, Ihnen zu helfen, ein sicheres, gl\u00fcckliches und gem\u00fctliches Nest f\u00fcr Ihre Familie zu bauen, und Ihnen zu helfen, Ihre Fl\u00fcgel zu st\u00e4rken und auszubreiten, indem wir Ihnen beim Erlernen von neuen F\u00e4higkeiten unterst\u00fctzen. <\/p>\n<p>&nbsp;<\/p>\n<p>[\/et_pb_text][\/et_pb_column][et_pb_column type=&#8220;1_3&#8243; _builder_version=&#8220;4.16&#8243; custom_padding=&#8220;|||&#8220; global_colors_info=&#8220;{}&#8220; custom_padding__hover=&#8220;|||&#8220;][et_pb_team_member image_url=&#8220;https:\/\/nestsandwings.de\/wp-content\/uploads\/2022\/10\/Nestsandwings-Photo1a.jpg&#8220; db_link_target=&#8220;on&#8220; admin_label=&#8220;Member 01&#8243; _builder_version=&#8220;4.18.0&#8243; header_font=&#8220;Montserrat||||&#8220; header_text_color=&#8220;#1f1f1f&#8220; header_font_size=&#8220;22px&#8220; header_line_height=&#8220;2em&#8220; body_text_align=&#8220;center&#8220; body_text_color=&#8220;#666666&#8243; background_size=&#8220;initial&#8220; background_position=&#8220;top_left&#8220; background_repeat=&#8220;repeat&#8220; text_orientation=&#8220;center&#8220; custom_padding=&#8220;|||&#8220; animation_style=&#8220;fold&#8220; animation_direction=&#8220;bottom&#8220; animation_intensity_fold=&#8220;20%&#8220; global_colors_info=&#8220;{}&#8220;][\/et_pb_team_member][\/et_pb_column][\/et_pb_row][et_pb_row column_structure=&#8220;1_3,1_3,1_3&#8243; make_equal=&#8220;on&#8220; _builder_version=&#8220;4.17.6&#8243; background_size=&#8220;initial&#8220; background_position=&#8220;top_left&#8220; background_repeat=&#8220;repeat&#8220; custom_padding=&#8220;60px||60px||true|&#8220; locked=&#8220;off&#8220; global_colors_info=&#8220;{}&#8220;][et_pb_column type=&#8220;1_3&#8243; _builder_version=&#8220;4.16&#8243; global_colors_info=&#8220;{}&#8220;][et_pb_blurb url=&#8220;#&#8220; use_icon=&#8220;on&#8220; font_icon=&#8220;&#xf024;||fa||900&#8243; icon_color=&#8220;#141E47&#8243; image_icon_background_color=&#8220;#ffffff&#8220; image_icon_width=&#8220;34px&#8220; admin_label=&#8220;Service 01&#8243; _builder_version=&#8220;4.17.6&#8243; header_font=&#8220;Montserrat||||&#8220; header_text_color=&#8220;#1f1f1f&#8220; header_font_size=&#8220;22px&#8220; header_line_height=&#8220;1.8em&#8220; body_line_height=&#8220;1.9em&#8220; background_size=&#8220;initial&#8220; background_position=&#8220;top_left&#8220; background_repeat=&#8220;repeat&#8220; text_orientation=&#8220;center&#8220; animation_style=&#8220;fold&#8220; animation_direction=&#8220;bottom&#8220; animation_intensity_fold=&#8220;30%&#8220; border_width_all_image=&#8220;0px&#8220; border_color_all_image=&#8220;#FBFBFB&#8220; icon_font_size=&#8220;34px&#8220; global_colors_info=&#8220;{}&#8220;]<\/p>\n<p>ENGLISCHMUTTERSPRACHLERIN<\/p>\n<p>[\/et_pb_blurb][\/et_pb_column][et_pb_column type=&#8220;1_3&#8243; _builder_version=&#8220;4.16&#8243; global_colors_info=&#8220;{}&#8220;][et_pb_blurb url=&#8220;#&#8220; use_icon=&#8220;on&#8220; font_icon=&#8220;&#xe074;||divi||400&#8243; icon_color=&#8220;#45B08C&#8220; image_icon_background_color=&#8220;#ffffff&#8220; image_icon_width=&#8220;34px&#8220; admin_label=&#8220;Service 01&#8243; _builder_version=&#8220;4.18.0&#8243; header_font=&#8220;Montserrat||||&#8220; header_text_color=&#8220;#1f1f1f&#8220; header_font_size=&#8220;22px&#8220; header_line_height=&#8220;1.8em&#8220; body_line_height=&#8220;1.9em&#8220; background_size=&#8220;initial&#8220; background_position=&#8220;top_left&#8220; background_repeat=&#8220;repeat&#8220; text_orientation=&#8220;center&#8220; animation_style=&#8220;fold&#8220; animation_direction=&#8220;bottom&#8220; animation_intensity_fold=&#8220;30%&#8220; border_width_all_image=&#8220;0px&#8220; border_color_all_image=&#8220;#FBFBFB&#8220; icon_font_size=&#8220;34px&#8220; locked=&#8220;off&#8220; global_colors_info=&#8220;{}&#8220;]<\/p>\n<p>SEIT \u00dcBER 20 JAHREN<br \/>IN DEUTSCHLAND<\/p>\n<p>[\/et_pb_blurb][\/et_pb_column][et_pb_column type=&#8220;1_3&#8243; _builder_version=&#8220;4.16&#8243; global_colors_info=&#8220;{}&#8220;][et_pb_blurb url=&#8220;#&#8220; use_icon=&#8220;on&#8220; font_icon=&#8220;&#xf277;||fa||900&#8243; icon_color=&#8220;#B7AE9A&#8220; image_icon_background_color=&#8220;#ffffff&#8220; image_icon_width=&#8220;34px&#8220; admin_label=&#8220;Service 01&#8243; _builder_version=&#8220;4.17.6&#8243; header_font=&#8220;Montserrat||||&#8220; header_text_color=&#8220;#1f1f1f&#8220; header_font_size=&#8220;22px&#8220; header_line_height=&#8220;1.8em&#8220; body_line_height=&#8220;1.9em&#8220; background_size=&#8220;initial&#8220; background_position=&#8220;top_left&#8220; background_repeat=&#8220;repeat&#8220; text_orientation=&#8220;center&#8220; animation_style=&#8220;fold&#8220; animation_direction=&#8220;bottom&#8220; animation_intensity_fold=&#8220;30%&#8220; border_width_all_image=&#8220;0px&#8220; border_color_all_image=&#8220;#FBFBFB&#8220; icon_font_size=&#8220;34px&#8220; locked=&#8220;off&#8220; global_colors_info=&#8220;{}&#8220;]<\/p>\n<p>IM TAUNUS ZUHAUSE<\/p>\n<p>[\/et_pb_blurb][\/et_pb_column][\/et_pb_row][et_pb_row _builder_version=&#8220;4.16&#8243; global_colors_info=&#8220;{}&#8220;][et_pb_column type=&#8220;4_4&#8243; _builder_version=&#8220;4.16&#8243; global_colors_info=&#8220;{}&#8220;][et_pb_text admin_label=&#8220;Team Section Subtitle&#8220; _builder_version=&#8220;4.17.6&#8243; text_line_height=&#8220;1.9em&#8220; background_size=&#8220;initial&#8220; background_position=&#8220;top_left&#8220; background_repeat=&#8220;repeat&#8220; animation_style=&#8220;fold&#8220; animation_direction=&#8220;bottom&#8220; animation_intensity_fold=&#8220;20%&#8220; global_colors_info=&#8220;{}&#8220;][\/et_pb_text][\/et_pb_column][\/et_pb_row][\/et_pb_section][et_pb_section fb_built=&#8220;1&#8243; disabled_on=&#8220;off|off|off&#8220; admin_label=&#8220;Statistics&#8220; _builder_version=&#8220;4.17.6&#8243; background_color=&#8220;rgba(183,174,154,0.66)&#8220; custom_padding=&#8220;50px||90px|||&#8220; locked=&#8220;off&#8220; global_colors_info=&#8220;{}&#8220;][et_pb_row _builder_version=&#8220;4.16&#8243; background_size=&#8220;initial&#8220; background_position=&#8220;top_left&#8220; background_repeat=&#8220;repeat&#8220; custom_width_px=&#8220;710px&#8220; global_colors_info=&#8220;{}&#8220;][et_pb_column type=&#8220;4_4&#8243; _builder_version=&#8220;4.16&#8243; background_position=&#8220;top_left&#8220; custom_padding=&#8220;|||&#8220; global_colors_info=&#8220;{}&#8220; custom_padding__hover=&#8220;|||&#8220;][et_pb_divider show_divider=&#8220;off&#8220; disabled_on=&#8220;off|off|off&#8220; _builder_version=&#8220;4.16&#8243; background_color_gradient_direction=&#8220;90deg&#8220; max_width=&#8220;100px&#8220; module_alignment=&#8220;center&#8220; height=&#8220;5px&#8220; custom_margin=&#8220;||20px|&#8220; custom_padding=&#8220;||20px|&#8220; animation_style=&#8220;slide&#8220; animation_direction=&#8220;bottom&#8220; saved_tabs=&#8220;all&#8220; locked=&#8220;off&#8220; global_colors_info=&#8220;{}&#8220;][\/et_pb_divider][et_pb_text admin_label=&#8220;Statistics Section Title&#8220; _builder_version=&#8220;4.17.6&#8243; header_font=&#8220;Montserrat||||&#8220; header_text_color=&#8220;#1f1f1f&#8220; header_font_size=&#8220;36px&#8220; header_2_font=&#8220;|300|||||||&#8220; header_2_text_align=&#8220;center&#8220; header_2_text_color=&#8220;#141E47&#8243; header_2_font_size=&#8220;36px&#8220; header_3_font=&#8220;|300|||||||&#8220; header_3_text_align=&#8220;center&#8220; header_3_text_color=&#8220;#FBFBFB&#8220; header_3_font_size=&#8220;40px&#8220; max_width=&#8220;710px&#8220; module_alignment=&#8220;center&#8220; custom_margin=&#8220;||-4px|||&#8220; animation_style=&#8220;fold&#8220; animation_direction=&#8220;bottom&#8220; animation_intensity_fold=&#8220;20%&#8220; header_font_size_tablet=&#8220;&#8220; header_font_size_phone=&#8220;30px&#8220; header_font_size_last_edited=&#8220;on|phone&#8220; header_2_font_size_phone=&#8220;30px&#8220; header_3_font_size_tablet=&#8220;30px&#8220; header_3_font_size_phone=&#8220;30px&#8220; header_3_font_size_last_edited=&#8220;on|phone&#8220; global_colors_info=&#8220;{}&#8220;]<\/p>\n<h3>ICH LIEBE DEUTSCHLAND<\/h3>\n<p>[\/et_pb_text][et_pb_image src=&#8220;https:\/\/nestsandwings.de\/wp-content\/uploads\/2022\/08\/Nest-and-Wings_logo-WHITE.png&#8220; title_text=&#8220;Nest und Fl\u00fcgel_logo WHITE&#8220; _builder_version=&#8220;4.17.6&#8243; _module_preset=&#8220;default&#8220; width=&#8220;20%&#8220; width_tablet=&#8220;50%&#8220; width_phone=&#8220;50%&#8220; width_last_edited=&#8220;on|tablet&#8220; module_alignment=&#8220;center&#8220; global_colors_info=&#8220;{}&#8220;][\/et_pb_image][et_pb_text admin_label=&#8220;Statistics Section Subtitle&#8220; _builder_version=&#8220;4.17.6&#8243; text_font=&#8220;|600|||||||&#8220; text_text_color=&#8220;#FBFBFB&#8220; text_font_size=&#8220;20px&#8220; text_line_height=&#8220;1.9em&#8220; background_size=&#8220;initial&#8220; background_position=&#8220;top_left&#8220; background_repeat=&#8220;repeat&#8220; text_orientation=&#8220;center&#8220; max_width=&#8220;710px&#8220; module_alignment=&#8220;center&#8220; animation_style=&#8220;fold&#8220; animation_direction=&#8220;bottom&#8220; animation_intensity_fold=&#8220;20%&#8220; text_font_size_tablet=&#8220;20px&#8220; text_font_size_phone=&#8220;18px&#8220; text_font_size_last_edited=&#8220;on|phone&#8220; global_colors_info=&#8220;{}&#8220;]<\/p>\n<p>Ich m\u00f6chte, dass alle die gleichen gl\u00fccklichen Erfahrungen machen, die ich machen durfte: eine Sprache lernen, sich in Deutschland einleben und sich im Labyrinth des Elternseins in einem fremden Land gut zurechtfinden.<\/p>\n<p>[\/et_pb_text][\/et_pb_column][\/et_pb_row][\/et_pb_section][et_pb_section fb_built=&#8220;1&#8243; _builder_version=&#8220;4.17.6&#8243; _module_preset=&#8220;default&#8220; global_colors_info=&#8220;{}&#8220;][et_pb_row _builder_version=&#8220;4.16&#8243; global_colors_info=&#8220;{}&#8220;][et_pb_column type=&#8220;4_4&#8243; _builder_version=&#8220;4.16&#8243; global_colors_info=&#8220;{}&#8220;][et_pb_text admin_label=&#8220;Title&#8220; _builder_version=&#8220;4.18.0&#8243; header_font=&#8220;Montserrat||||&#8220; header_text_color=&#8220;#1f1f1f&#8220; header_font_size=&#8220;25px&#8220; text_orientation=&#8220;center&#8220; animation_style=&#8220;fold&#8220; animation_direction=&#8220;bottom&#8220; animation_intensity_fold=&#8220;20%&#8220; header_text_color_tablet=&#8220;&#8220; header_text_color_phone=&#8220;&#8220; header_text_color_last_edited=&#8220;on|phone&#8220; locked=&#8220;off&#8220; global_colors_info=&#8220;{}&#8220;][\/et_pb_text][et_pb_text admin_label=&#8220;Team Section Subtitle&#8220; _builder_version=&#8220;4.17.6&#8243; text_line_height=&#8220;1.9em&#8220; background_size=&#8220;initial&#8220; background_position=&#8220;top_left&#8220; background_repeat=&#8220;repeat&#8220; animation_style=&#8220;fold&#8220; animation_direction=&#8220;bottom&#8220; animation_intensity_fold=&#8220;20%&#8220; global_colors_info=&#8220;{}&#8220;]<\/p>\n<p>&nbsp;<\/p>\n<p>&nbsp;<\/p>\n<p>[\/et_pb_text][\/et_pb_column][\/et_pb_row][\/et_pb_section]<\/p>\n","protected":false},"excerpt":{"rendered":"<p>ACT GLOBAL | FEEL LOCALCLARE KLINGHAMMERMein Name ist Clare, und ich bin in England aufgewachsen. Seit \u00fcber 20 Jahren lebe und arbeite ich in nun der Region Frankfurt \/ Taunus. Mit einem sprachlichen und betriebswirtschaftlichen Hintergrund (und zwei wunderbaren Kindern) kombiniere ich meine F\u00e4higkeiten, mein Fachwissen, meine einf\u00fchlsame Pers\u00f6nlichkeit und meinen Erfahrungsschatz, um Sprachkurse sowie [&hellip;]<\/p>\n","protected":false},"author":1,"featured_media":0,"parent":0,"menu_order":0,"comment_status":"closed","ping_status":"closed","template":"","meta":{"_et_pb_use_builder":"on","_et_pb_old_content":"","_et_gb_content_width":"","footnotes":""},"class_list":["post-2084","page","type-page","status-publish","hentry"],"_links":{"self":[{"href":"https:\/\/nestsandwings.de\/de\/wp-json\/wp\/v2\/pages\/2084","targetHints":{"allow":["GET"]}}],"collection":[{"href":"https:\/\/nestsandwings.de\/de\/wp-json\/wp\/v2\/pages"}],"about":[{"href":"https:\/\/nestsandwings.de\/de\/wp-json\/wp\/v2\/types\/page"}],"author":[{"embeddable":true,"href":"https:\/\/nestsandwings.de\/de\/wp-json\/wp\/v2\/users\/1"}],"replies":[{"embeddable":true,"href":"https:\/\/nestsandwings.de\/de\/wp-json\/wp\/v2\/comments?post=2084"}],"version-history":[{"count":10,"href":"https:\/\/nestsandwings.de\/de\/wp-json\/wp\/v2\/pages\/2084\/revisions"}],"predecessor-version":[{"id":3435,"href":"https:\/\/nestsandwings.de\/de\/wp-json\/wp\/v2\/pages\/2084\/revisions\/3435"}],"wp:attachment":[{"href":"https:\/\/nestsandwings.de\/de\/wp-json\/wp\/v2\/media?parent=2084"}],"curies":[{"name":"wp","href":"https:\/\/api.w.org\/{rel}","templated":true}]}}