{"id":2124,"date":"2022-08-06T12:02:55","date_gmt":"2022-08-06T11:02:55","guid":{"rendered":"https:\/\/nestsandwings.de\/zuhause-gluecklich\/"},"modified":"2025-08-11T14:32:26","modified_gmt":"2025-08-11T13:32:26","slug":"zuhause-gluecklich-2","status":"publish","type":"page","link":"https:\/\/nestsandwings.de\/de\/zuhause-gluecklich-2\/","title":{"rendered":"Neu in Deutschland"},"content":{"rendered":"<p>[et_pb_section fb_built=&#8220;1&#8243; fullwidth=&#8220;on&#8220; admin_label=&#8220;Page Header&#8220; _builder_version=&#8220;4.17.6&#8243; background_image=&#8220;https:\/\/nestsandwings.de\/wp-content\/uploads\/2022\/08\/NW-family.jpg&#8220; locked=&#8220;off&#8220; global_colors_info=&#8220;{}&#8220;][et_pb_fullwidth_header title=&#8220;NEU IN DEUTSCHLAND&#8220; admin_label=&#8220;Hero Section&#8220; _builder_version=&#8220;4.17.6&#8243; button_one_text_color_hover=&#8220;#6eba01&#8243; button_two_text_color_hover=&#8220;#6eba01&#8243; button_one_border_color_hover=&#8220;#ffffff&#8220; button_two_border_color_hover=&#8220;#ffffff&#8220; button_one_border_radius_hover=&#8220;0&#8243; button_two_border_radius_hover=&#8220;0&#8243; button_one_letter_spacing_hover=&#8220;2&#8243; button_two_letter_spacing_hover=&#8220;2&#8243; button_one_bg_color_hover=&#8220;#ffffff&#8220; button_two_bg_color_hover=&#8220;#ffffff&#8220; global_colors_info=&#8220;{}&#8220;]<\/p>\n<p>ACT GLOBAL | FEEL LOCAL<\/p>\n<p>[\/et_pb_fullwidth_header][\/et_pb_section][et_pb_section fb_built=&#8220;1&#8243; admin_label=&#8220;Section&#8220; _builder_version=&#8220;4.16&#8243; custom_padding=&#8220;50px||90px|||&#8220; locked=&#8220;off&#8220; global_colors_info=&#8220;{}&#8220;][et_pb_row column_structure=&#8220;3_5,2_5&#8243; admin_label=&#8220;Abschnitt Titel&#8220; _builder_version=&#8220;4.16&#8243; custom_margin=&#8220;|||&#8220; custom_padding=&#8220;27px|0px|27px|0px&#8220; locked=&#8220;off&#8220; global_colors_info=&#8220;{}&#8220;][et_pb_column type=&#8220;3_5&#8243; _builder_version=&#8220;4.16&#8243; custom_padding=&#8220;|||&#8220; global_colors_info=&#8220;{}&#8220; custom_padding__hover=&#8220;|||&#8220;][et_pb_text admin_label=&#8220;Title&#8220; _builder_version=&#8220;4.17.6&#8243; header_font=&#8220;Montserrat||||&#8220; header_text_color=&#8220;#1f1f1f&#8220; header_font_size=&#8220;25px&#8220; text_orientation=&#8220;center&#8220; animation_style=&#8220;fold&#8220; animation_direction=&#8220;bottom&#8220; animation_intensity_fold=&#8220;20%&#8220; header_text_color_tablet=&#8220;&#8220; header_text_color_phone=&#8220;&#8220; header_text_color_last_edited=&#8220;on|phone&#8220; global_colors_info=&#8220;{}&#8220;]<\/p>\n<h2>HOME &amp; HAPPY<\/h2>\n<p>[\/et_pb_text][et_pb_text _builder_version=&#8220;4.17.6&#8243; _module_preset=&#8220;default&#8220; global_colors_info=&#8220;{}&#8220;]<\/p>\n<p>Kennen Sie eine Familie, die gerade in Deutschland angekommen ist?<\/p>\n<p>Wie sch\u00f6n, dass sie sich einen solch wunderbaren Ort zum Leben ausgesucht hat. Und wie sch\u00f6n, dass sie schon den ersten Kontakt mit Einheimischen &#8211; Ihnen &#8211; gekn\u00fcpft hat! Ich vermute, dass sich f\u00fcr sie alles immer noch etwas \u00fcberw\u00e4ltigend, fremd und verwirrend anf\u00fchlt.<\/p>\n<p>Keine Sorge \u2013 wir k\u00f6nnen der Familie helfen, sich hier schnell zu Hause zu f\u00fchlen, indem wir ihnen alles beibringen, was sie wissen muss, damit sie den deutschen Alltag erfolgreich meistern kann. Wir setzen da an, wo die Relocation-Agency mit ihrer (eher adminstrativen) Unterst\u00fctzung aufh\u00f6rt, und begleiten die Neuank\u00f6mmlinge auf der eher pers\u00f6nlichen Ebene, damit sie hier schnell Fu\u00df fassen k\u00f6nnen. <\/p>\n<p>W\u00e4hrend dieses Kurses lernt man \u00fcber das deutsche Gesundheitssystem, lokale Br\u00e4uche und Traditionen, praktische Themen wie Einkaufen, Autofahren, Radfahren und \u00f6ffentliche Verkehrsmittel, Kinderbetreuung und das Schulsystem, Orte, die man gesehen haben muss, lokale K\u00fcche, die man unbedingt probieren muss, und viel mehr.<\/p>\n<p>TeilnehmerInnen haben auch die M\u00f6glichkeit, spezifische Fragen zu echten Problemen zu stellen, mit denen sie aktuell hadern. Bringen Sie Briefe oder E-Mails mit, die Sie nicht verstehen, fragen Sie nach kulturellen Unterschieden, die Ihnen Schwierigkeiten bereiten, oder fragen Sie, wo Sie etwas finden k\u00f6nnen, das Sie dringend ben\u00f6tigen!<\/p>\n<p>Wir unterst\u00fctzen und begleiten Familien bei der Erkundung ihrer neuen Wahlheimat und ihr deutsches Nest zu einem gl\u00fccklichen, gem\u00fctlichen Nest zu machen, damit sie die Zeit hier wirklich genie\u00dfen k\u00f6nnen.<\/p>\n<p>[\/et_pb_text][et_pb_text _builder_version=&#8220;4.18.0&#8243; _module_preset=&#8220;default&#8220; background_color=&#8220;#141E47&#8243; background_layout=&#8220;dark&#8220; custom_padding=&#8220;20px|20px|20px|20px|true|true&#8220; locked=&#8220;off&#8220; global_colors_info=&#8220;{}&#8220;]<\/p>\n<p><strong>Home &amp; Happy Kurse<\/strong><\/p>\n<p>Wir f\u00fchren ma\u00dfgeschneiderte Kurse f\u00fcr Schulen, Kinderg\u00e4rten, Unternehmen oder andere Organisationen durch, die ihren New Hires \/ Expats \/ New Joiners aus dem Ausland helfen m\u00f6chten, sich in Deutschland so schnell wie m\u00f6glich wohl und heimisch zu f\u00fchlen. <a href=\"https:\/\/nestsandwings.de\/de\/zuhause-gluecklich-2\/?et_fb=1&#038;et_bfb=1&#038;PageSpeed=off#contact\">Schreiben Sie uns eine Nachricht<\/a> mit Ihrer Anfrage!<\/p>\n<p>&nbsp;<\/p>\n<p>[\/et_pb_text][et_pb_text _builder_version=&#8220;4.18.0&#8243; _module_preset=&#8220;default&#8220; background_color=&#8220;#141E47&#8243; background_layout=&#8220;dark&#8220; custom_padding=&#8220;20px|20px|20px|20px|true|true&#8220; locked=&#8220;off&#8220; global_colors_info=&#8220;{}&#8220;]<\/p>\n<p><strong>Lesen Sie alles \u00fcber die Urspr\u00fcnge dieses Kurses im <a href=\"https:\/\/nestsandwings.de\/de\/home-happy-was-bedeutet-das-eigentlich-und-was-moechte-ich-erreichen\/\">BLOG<\/a>!<\/strong><\/p>\n<p>[\/et_pb_text][\/et_pb_column][et_pb_column type=&#8220;2_5&#8243; _builder_version=&#8220;4.16&#8243; custom_padding=&#8220;|||&#8220; global_colors_info=&#8220;{}&#8220; custom_padding__hover=&#8220;|||&#8220;][et_pb_blurb title=&#8220;Treffen Sie andere internationale Familien!&#8220; content_tablet=&#8220;<\/p>\n<p>Ich veranstalte einmal im Monat ein <a href=%22https:\/\/www.familientreff-oberursel.de\/seite\/637104\/international-breakfast.html#content%22 data-et-target-link=%22_blank%22 rel=%22noopener%22>internationales Fr\u00fchst\u00fcck<\/a> am Freitagmorgen, es gibt <a href=%22https:\/\/www.familientreff-oberursel.de\/seite\/633545\/mummy-and-me.html#content%22 data-et-target-link=%22_blank%22 rel=%22noopener%22>Mummy &amp; Me-Kurse<\/a> auf Englisch f\u00fcr M\u00fctter und Babys, und zudem gibt es eine englischsprachige %22Playgroup Plus%22 f\u00fcr Eltern mit Kindern im Alter von 12 bis 36 Monaten! Und das alles im Familientreff in Oberursel. (Parkpl\u00e4tze in der N\u00e4he, U3 und S5 fu\u00dfl\u00e4ufig.)<\/p>\n<p>&#8220; content_phone=&#8220;<\/p>\n<p>Ich veranstalte einmal im Monat ein <a href=%22https:\/\/www.familientreff-oberursel.de\/seite\/637104\/international-breakfast.html#content%22 data-et-target-link=%22_blank%22 rel=%22noopener%22>internationales Fr\u00fchst\u00fcck<\/a> am Freitagmorgen, es gibt <a href=%22https:\/\/www.familientreff-oberursel.de\/seite\/633545\/mummy-and-me.html#content%22 data-et-target-link=%22_blank%22 rel=%22noopener%22>Mummy &amp; Me-Kurse<\/a> auf Englisch f\u00fcr M\u00fctter und Babys, und zudem gibt es eine englischsprachige %22Playgroup Plus%22 f\u00fcr Eltern mit Kindern im Alter von 12 bis 36 Monaten! Und das alles im Familientreff in Oberursel. (Parkpl\u00e4tze in der N\u00e4he, U3 und S5 fu\u00dfl\u00e4ufig.)<\/p>\n<p>&#8220; content_last_edited=&#8220;on|desktop&#8220; admin_label=&#8220;Blurb&#8220; _builder_version=&#8220;4.18.0&#8243; _module_preset=&#8220;default&#8220; header_font=&#8220;|800||on|||||&#8220; header_text_align=&#8220;center&#8220; header_text_color=&#8220;#45B08C&#8220; body_text_align=&#8220;justify&#8220; custom_margin=&#8220;4px|4px|4px|7px|false|false&#8220; custom_padding=&#8220;4px|7px|4px|7px|false|false&#8220; border_width_all=&#8220;6px&#8220; border_color_all=&#8220;#45B08C&#8220; global_colors_info=&#8220;{}&#8220;]<\/p>\n<p>Ich veranstalte in unregelm\u00e4\u00dfigen Abst\u00e4nden Freitagvormittags ein <a href=\"https:\/\/www.familientreff-oberursel.de\/seite\/637104\/international-breakfast.html#content\" target=\"_blank\" rel=\"noopener\">internationales Fr\u00fchst\u00fcck<\/a> im sch\u00f6nen Familientreff in Oberursel (Taunus). (Parkpl\u00e4tze in der N\u00e4he, U3 und S5 fu\u00dfl\u00e4ufig.) Kommen Sie dazu, um andere internationale Familien mit kleinen Kindern kennenzulernen und Freundschaften zu schlie\u00dfen! <\/p>\n<p>[\/et_pb_blurb][\/et_pb_column][\/et_pb_row][et_pb_row column_structure=&#8220;1_3,1_3,1_3&#8243; make_equal=&#8220;on&#8220; _builder_version=&#8220;4.17.6&#8243; background_size=&#8220;initial&#8220; background_position=&#8220;top_left&#8220; background_repeat=&#8220;repeat&#8220; custom_padding=&#8220;60px||60px||true|&#8220; locked=&#8220;off&#8220; global_colors_info=&#8220;{}&#8220;][et_pb_column type=&#8220;1_3&#8243; _builder_version=&#8220;4.16&#8243; global_colors_info=&#8220;{}&#8220;][et_pb_blurb use_icon=&#8220;on&#8220; font_icon=&#8220;&#xe074;||divi||400&#8243; icon_color=&#8220;#141E47&#8243; image_icon_background_color=&#8220;#ffffff&#8220; image_icon_width=&#8220;34px&#8220; admin_label=&#8220;Service 01&#8243; _builder_version=&#8220;4.17.6&#8243; header_font=&#8220;Montserrat||||&#8220; header_text_color=&#8220;#1f1f1f&#8220; header_font_size=&#8220;22px&#8220; header_line_height=&#8220;1.8em&#8220; body_line_height=&#8220;1.9em&#8220; background_size=&#8220;initial&#8220; background_position=&#8220;top_left&#8220; background_repeat=&#8220;repeat&#8220; text_orientation=&#8220;center&#8220; animation_style=&#8220;fold&#8220; animation_direction=&#8220;bottom&#8220; animation_intensity_fold=&#8220;30%&#8220; border_width_all_image=&#8220;0px&#8220; border_color_all_image=&#8220;#FBFBFB&#8220; icon_font_size=&#8220;34px&#8220; global_colors_info=&#8220;{}&#8220;]<\/p>\n<p>WIR HELFEN FAMILIEN, SICH IN DEUTSCHLAND ZU HAUSE ZU F\u00dcHLEN<\/p>\n<p>[\/et_pb_blurb][\/et_pb_column][et_pb_column type=&#8220;1_3&#8243; _builder_version=&#8220;4.16&#8243; global_colors_info=&#8220;{}&#8220;][et_pb_blurb use_icon=&#8220;on&#8220; font_icon=&#8220;&#xf05a;||fa||900&#8243; icon_color=&#8220;#45B08C&#8220; image_icon_background_color=&#8220;#ffffff&#8220; image_icon_width=&#8220;34px&#8220; admin_label=&#8220;Service 01&#8243; _builder_version=&#8220;4.17.6&#8243; header_font=&#8220;Montserrat||||&#8220; header_text_color=&#8220;#1f1f1f&#8220; header_font_size=&#8220;22px&#8220; header_line_height=&#8220;1.8em&#8220; body_line_height=&#8220;1.9em&#8220; background_size=&#8220;initial&#8220; background_position=&#8220;top_left&#8220; background_repeat=&#8220;repeat&#8220; text_orientation=&#8220;center&#8220; animation_style=&#8220;fold&#8220; animation_direction=&#8220;bottom&#8220; animation_intensity_fold=&#8220;30%&#8220; border_width_all_image=&#8220;0px&#8220; border_color_all_image=&#8220;#FBFBFB&#8220; icon_font_size=&#8220;34px&#8220; locked=&#8220;off&#8220; global_colors_info=&#8220;{}&#8220;]<\/p>\n<p>UNTERST\u00dcTZUNG BEIM NESTBAU IN DER NEUEN HEIMAT<\/p>\n<p>[\/et_pb_blurb][\/et_pb_column][et_pb_column type=&#8220;1_3&#8243; _builder_version=&#8220;4.16&#8243; global_colors_info=&#8220;{}&#8220;][et_pb_blurb use_icon=&#8220;on&#8220; font_icon=&#8220;&#xf21d;||fa||900&#8243; icon_color=&#8220;#B7AE9A&#8220; image_icon_background_color=&#8220;#ffffff&#8220; image_icon_width=&#8220;34px&#8220; admin_label=&#8220;Service 01&#8243; _builder_version=&#8220;4.17.6&#8243; header_font=&#8220;Montserrat||||&#8220; header_text_color=&#8220;#1f1f1f&#8220; header_font_size=&#8220;22px&#8220; header_line_height=&#8220;1.8em&#8220; body_line_height=&#8220;1.9em&#8220; background_size=&#8220;initial&#8220; background_position=&#8220;top_left&#8220; background_repeat=&#8220;repeat&#8220; text_orientation=&#8220;center&#8220; animation_style=&#8220;fold&#8220; animation_direction=&#8220;bottom&#8220; animation_intensity_fold=&#8220;30%&#8220; border_width_all_image=&#8220;0px&#8220; border_color_all_image=&#8220;#FBFBFB&#8220; icon_font_size=&#8220;34px&#8220; locked=&#8220;off&#8220; global_colors_info=&#8220;{}&#8220;]<\/p>\n<p>DEN ALLTAG IN DEUTSCHLAND MIT ERFOLG MEISTERN<\/p>\n<p>[\/et_pb_blurb][\/et_pb_column][\/et_pb_row][et_pb_row _builder_version=&#8220;4.17.6&#8243; _module_preset=&#8220;default&#8220; global_colors_info=&#8220;{}&#8220;][et_pb_column type=&#8220;4_4&#8243; _builder_version=&#8220;4.17.6&#8243; _module_preset=&#8220;default&#8220; global_colors_info=&#8220;{}&#8220;][et_pb_text admin_label=&#8220;Title&#8220; _builder_version=&#8220;4.17.6&#8243; header_font=&#8220;Montserrat||||&#8220; header_text_color=&#8220;#1f1f1f&#8220; header_font_size=&#8220;25px&#8220; text_orientation=&#8220;center&#8220; animation_style=&#8220;fold&#8220; animation_direction=&#8220;bottom&#8220; animation_intensity_fold=&#8220;20%&#8220; header_text_color_tablet=&#8220;&#8220; header_text_color_phone=&#8220;&#8220; header_text_color_last_edited=&#8220;on|phone&#8220; global_colors_info=&#8220;{}&#8220;]<\/p>\n<h2>FAQ<\/h2>\n<p>[\/et_pb_text][et_pb_accordion icon_color=&#8220;#45B08C&#8220; _builder_version=&#8220;4.17.6&#8243; _module_preset=&#8220;default&#8220; global_colors_info=&#8220;{}&#8220;][et_pb_accordion_item title=&#8220;F\u00fcr wen ist dieser Kurs gedacht?&#8220; open=&#8220;on&#8220; _builder_version=&#8220;4.17.6&#8243; _module_preset=&#8220;default&#8220; global_colors_info=&#8220;{}&#8220;]<\/p>\n<p>Dieser Kurs richtet sich in erster Linie an M\u00fctter und\/oder V\u00e4ter, die gerade erst in Deutschland angekommen sind und alles \u00fcber das Leben im neuen Land erfahren m\u00f6chten, damit sie ihren Alltag selbstbewusst meistern und das Beste aus ihrer deutschen Erfahrung machen k\u00f6nnen.<\/p>\n<p>Aber auch wenn sie schon eine Weile in Deutschland sind und mehr \u00fcber das (\u00dcber)leben als Familie in Deutschland erfahren m\u00f6chten, sind Eltern herzlich willkommen.<\/p>\n<p>Wir wissen, dass es anfangs einfach sein kann, in der sicheren Expat-Blase zu bleiben &#8211; aber wenn man ausbricht und sich auf die deutsche Erfahrung einl\u00e4sst, wird die Zeit hier viel spannender sein! Nehmen Sie bei Fragen gerne mit uns Kontakt auf.<\/p>\n<p>[\/et_pb_accordion_item][et_pb_accordion_item title=&#8220;Was werde ich lernen?&#8220; _builder_version=&#8220;4.17.6&#8243; _module_preset=&#8220;default&#8220; global_colors_info=&#8220;{}&#8220; open=&#8220;off&#8220;]<\/p>\n<p>Unser Ziel ist es, den TeilnehmerInnen so viele Informationen wie m\u00f6glich \u00fcber verschiedene Aspekte des Familienlebens in Deutschland zu geben, damit sie sich in der Lage f\u00fchlen, Situationen zu meistern, die zum t\u00e4glichen Leben als Eltern geh\u00f6ren.<\/p>\n<p>Dazu geh\u00f6ren scheinbar einfache Dinge wie Einkaufen (was man wo kaufen kann, \u00d6ffnungszeiten, Bezahlung, Online-Shopping, Second-Hand- und Fairtrade-Angebote, Bio-Lebensmittel, Recycling- und Pfandsysteme usw.), gr\u00f6\u00dfere Themen wie das deutsche Gesundheitssystem (wie man einen Arzt findet, was im Notfall zu tun ist, wie Behandlungen und Medikamente bezahlt werden usw.), wie man sicher und einfach mit dem Auto\/Fahrrad\/\u00f6ffentlichen Verkehrsmitteln f\u00e4hrt (und ohne gegen das Gesetz zu versto\u00dfen), einen \u00dcberblick \u00fcber das deutsche Schulsystem, sowie wertvolle Informationen dar\u00fcber, &#8222;wie die Deutschen sind&#8220;, sowie zahlreiche Anregungen f\u00fcr Ausfl\u00fcge, lokale Speisen und Getr\u00e4nke, und Aktivit\u00e4ten f\u00fcr Eltern und Kinder.<\/p>\n<p>[\/et_pb_accordion_item][et_pb_accordion_item title=&#8220;Werde ich Fragen stellen d\u00fcrfen?&#8220; _builder_version=&#8220;4.17.6&#8243; _module_preset=&#8220;default&#8220; global_colors_info=&#8220;{}&#8220; open=&#8220;off&#8220;]<\/p>\n<p>JA!<\/p>\n<p>In jeder Kurseinheit ist ein Teil f\u00fcr spezifische Fragen zu Problemen reserviert, auf die TeilnehmerInnen gesto\u00dfen sind (sei es ein Brief, der Schwierigkeiten bereitet, oder eine erlebte Situation, die Gespr\u00e4chsbedarf hervorgerufen hat, oder ein Problem, bei dem der beste L\u00f6sungsweg unklar ist).<\/p>\n<p>[\/et_pb_accordion_item][et_pb_accordion_item title=&#8220;Wo findet der Kurs statt?&#8220; _builder_version=&#8220;4.17.6&#8243; _module_preset=&#8220;default&#8220; global_colors_info=&#8220;{}&#8220; open=&#8220;off&#8220;]<\/p>\n<p>Wir sind im Taunus ans\u00e4ssig und alle unsere Gruppen\/Kurse finden im Gro\u00dfraum Frankfurt \/ Taunus statt. Derzeit bieten wir den Home &amp; Happy-Kurs in Oberursel an.<\/p>\n<p>Weitere Standorte werden in K\u00fcrze folgen. Sollten Sie keinen passenden Standort finden, wenden Sie sich bitte an uns. Vielleicht k\u00f6nnen wir einen neuen Standort in Ihrer N\u00e4he einrichten.<\/p>\n<p>[\/et_pb_accordion_item][\/et_pb_accordion][\/et_pb_column][\/et_pb_row][\/et_pb_section]<\/p>\n","protected":false},"excerpt":{"rendered":"<p>ACT GLOBAL | FEEL LOCALHOME &amp; HAPPYKennen Sie eine Familie, die gerade in Deutschland angekommen ist? Wie sch\u00f6n, dass sie sich einen solch wunderbaren Ort zum Leben ausgesucht hat. Und wie sch\u00f6n, dass sie schon den ersten Kontakt mit Einheimischen &#8211; Ihnen &#8211; gekn\u00fcpft hat! Ich vermute, dass sich f\u00fcr sie alles immer noch etwas [&hellip;]<\/p>\n","protected":false},"author":1,"featured_media":0,"parent":0,"menu_order":0,"comment_status":"closed","ping_status":"closed","template":"","meta":{"_et_pb_use_builder":"on","_et_pb_old_content":"","_et_gb_content_width":"","footnotes":""},"class_list":["post-2124","page","type-page","status-publish","hentry"],"_links":{"self":[{"href":"https:\/\/nestsandwings.de\/de\/wp-json\/wp\/v2\/pages\/2124","targetHints":{"allow":["GET"]}}],"collection":[{"href":"https:\/\/nestsandwings.de\/de\/wp-json\/wp\/v2\/pages"}],"about":[{"href":"https:\/\/nestsandwings.de\/de\/wp-json\/wp\/v2\/types\/page"}],"author":[{"embeddable":true,"href":"https:\/\/nestsandwings.de\/de\/wp-json\/wp\/v2\/users\/1"}],"replies":[{"embeddable":true,"href":"https:\/\/nestsandwings.de\/de\/wp-json\/wp\/v2\/comments?post=2124"}],"version-history":[{"count":10,"href":"https:\/\/nestsandwings.de\/de\/wp-json\/wp\/v2\/pages\/2124\/revisions"}],"predecessor-version":[{"id":3730,"href":"https:\/\/nestsandwings.de\/de\/wp-json\/wp\/v2\/pages\/2124\/revisions\/3730"}],"wp:attachment":[{"href":"https:\/\/nestsandwings.de\/de\/wp-json\/wp\/v2\/media?parent=2124"}],"curies":[{"name":"wp","href":"https:\/\/api.w.org\/{rel}","templated":true}]}}