{"id":2153,"date":"2022-08-06T12:17:34","date_gmt":"2022-08-06T11:17:34","guid":{"rendered":"https:\/\/nestsandwings.de\/?page_id=2153"},"modified":"2025-08-11T14:27:29","modified_gmt":"2025-08-11T13:27:29","slug":"zuhause-gluecklich-3","status":"publish","type":"page","link":"https:\/\/nestsandwings.de\/de\/zuhause-gluecklich-3\/","title":{"rendered":"Deutsch lernen"},"content":{"rendered":"<p>[et_pb_section fb_built=&#8220;1&#8243; fullwidth=&#8220;on&#8220; admin_label=&#8220;Page Header&#8220; _builder_version=&#8220;4.17.6&#8243; background_image=&#8220;https:\/\/nestsandwings.de\/wp-content\/uploads\/2022\/08\/NW-family.jpg&#8220; locked=&#8220;off&#8220; global_colors_info=&#8220;{}&#8220;][et_pb_fullwidth_header title=&#8220;DEUTSCH LERNEN&#8220; admin_label=&#8220;Hero Section&#8220; _builder_version=&#8220;4.17.6&#8243; _module_preset=&#8220;default&#8220; button_one_text_color_hover=&#8220;#6eba01&#8243; button_two_text_color_hover=&#8220;#6eba01&#8243; button_one_border_color_hover=&#8220;#ffffff&#8220; button_two_border_color_hover=&#8220;#ffffff&#8220; button_one_border_radius_hover=&#8220;0&#8243; button_two_border_radius_hover=&#8220;0&#8243; button_one_letter_spacing_hover=&#8220;2&#8243; button_two_letter_spacing_hover=&#8220;2&#8243; button_one_bg_color_hover=&#8220;#ffffff&#8220; button_two_bg_color_hover=&#8220;#ffffff&#8220; global_colors_info=&#8220;{}&#8220;]<\/p>\n<p>ACT GLOBAL | FEEL LOCAL<\/p>\n<p>[\/et_pb_fullwidth_header][\/et_pb_section][et_pb_section fb_built=&#8220;1&#8243; admin_label=&#8220;Section&#8220; _builder_version=&#8220;4.16&#8243; custom_padding=&#8220;50px||90px|||&#8220; locked=&#8220;off&#8220; global_colors_info=&#8220;{}&#8220;][et_pb_row admin_label=&#8220;Abschnitt Titel&#8220; _builder_version=&#8220;4.16&#8243; custom_margin=&#8220;|||&#8220; custom_padding=&#8220;27px|0px|27px|0px&#8220; locked=&#8220;off&#8220; global_colors_info=&#8220;{}&#8220;][et_pb_column type=&#8220;4_4&#8243; _builder_version=&#8220;4.16&#8243; custom_padding=&#8220;|||&#8220; global_colors_info=&#8220;{}&#8220; custom_padding__hover=&#8220;|||&#8220;][et_pb_text admin_label=&#8220;Title&#8220; _builder_version=&#8220;4.17.6&#8243; header_font=&#8220;Montserrat||||&#8220; header_text_color=&#8220;#1f1f1f&#8220; header_font_size=&#8220;25px&#8220; text_orientation=&#8220;center&#8220; animation_style=&#8220;fold&#8220; animation_direction=&#8220;bottom&#8220; animation_intensity_fold=&#8220;20%&#8220; header_text_color_tablet=&#8220;&#8220; header_text_color_phone=&#8220;&#8220; header_text_color_last_edited=&#8220;on|phone&#8220; global_colors_info=&#8220;{}&#8220;]<\/p>\n<h2>SPEAK &amp; SUCCEED<\/h2>\n<p>[\/et_pb_text][et_pb_text _builder_version=&#8220;4.17.6&#8243; _module_preset=&#8220;default&#8220; global_colors_info=&#8220;{}&#8220;]<\/p>\n<p>Kennen Sie jemanden, der\/die Deutsch lernen m\u00f6chte? <br \/>Jemand der neu in Deutschland ist und sich ein wenig &#8222;verloren&#8220; f\u00fchlt? Auch wenn man nur f\u00fcr eine begrenzte Zeit in Deutschland ist, f\u00fchlt man sich wohler, wenn man kommunizieren kann!<\/p>\n<p>Wir helfen Eltern, das Deutsch zu lernen, das sie brauchen, um aktiv am Alltag teilnehmen zu k\u00f6nnen \u2013 sei es beim Einkaufen, beim Arzt oder Friseur, beim Plaudern mit den Eltern auf dem Spielplatz oder beim Austausch mit der Erzieherin oder Lehrkraft des Kindes, oder beim Abendessen im Restaurant.<\/p>\n<p>Wer sich mit den Einheimischen in ihrer Sprache verst\u00e4ndigen kann, erlebt offene T\u00fcren und leichtere Kommunikation, selbst wenn man am Ende auf Englisch zur\u00fcckgreifen muss, wenn es kompliziert wird.<\/p>\n<p>Speak &amp; Succeed Deutschkurse finden tags\u00fcber statt und konzentrieren sich haupts\u00e4chlich auf gesprochenes &#8222;\u00dcberlebensdeutsch&#8220; und darauf, die wichtigsten W\u00f6rter in Gesch\u00e4ften usw. lesen zu k\u00f6nnen. Der Fokus liegt nicht auf Schreiben oder auf der perfekten Beherrschung der Grammatik. <\/p>\n<p>[\/et_pb_text][et_pb_text _builder_version=&#8220;4.18.0&#8243; _module_preset=&#8220;default&#8220; background_color=&#8220;#141E47&#8243; background_layout=&#8220;dark&#8220; custom_padding=&#8220;20px|20px|20px|20px|true|true&#8220; locked=&#8220;off&#8220; global_colors_info=&#8220;{}&#8220;]<\/p>\n<p><strong>Speak &amp; Succeed Kurse<\/strong><\/p>\n<p>Es sind derzeit keine Kurse geplant. Bitte <a href=\"#contact\">kontaktieren Sie uns<\/a>, wenn Sie auf die Mailingliste f\u00fcr Kurse im Jahr 2026 gesetzt werden m\u00f6chten. <\/p>\n<p>[\/et_pb_text][\/et_pb_column][\/et_pb_row][et_pb_row column_structure=&#8220;1_3,1_3,1_3&#8243; make_equal=&#8220;on&#8220; _builder_version=&#8220;4.17.6&#8243; background_size=&#8220;initial&#8220; background_position=&#8220;top_left&#8220; background_repeat=&#8220;repeat&#8220; custom_padding=&#8220;60px||60px||true|&#8220; locked=&#8220;off&#8220; global_colors_info=&#8220;{}&#8220;][et_pb_column type=&#8220;1_3&#8243; _builder_version=&#8220;4.16&#8243; global_colors_info=&#8220;{}&#8220;][et_pb_blurb use_icon=&#8220;on&#8220; font_icon=&#8220;&#xe066;||divi||400&#8243; icon_color=&#8220;#141E47&#8243; image_icon_background_color=&#8220;#ffffff&#8220; image_icon_width=&#8220;34px&#8220; admin_label=&#8220;Service 01&#8243; _builder_version=&#8220;4.18.0&#8243; header_font=&#8220;Montserrat||||&#8220; header_text_color=&#8220;#1f1f1f&#8220; header_font_size=&#8220;22px&#8220; header_line_height=&#8220;1.8em&#8220; body_line_height=&#8220;1.9em&#8220; background_size=&#8220;initial&#8220; background_position=&#8220;top_left&#8220; background_repeat=&#8220;repeat&#8220; text_orientation=&#8220;center&#8220; animation_style=&#8220;fold&#8220; animation_direction=&#8220;bottom&#8220; animation_intensity_fold=&#8220;30%&#8220; border_width_all_image=&#8220;0px&#8220; border_color_all_image=&#8220;#FBFBFB&#8220; icon_font_size=&#8220;34px&#8220; global_colors_info=&#8220;{}&#8220;]<\/p>\n<p>ZIELGERICHTETES DEUTSCH \u2013 GENAU DAS LERNEN, WAS SIE BRAUCHEN<\/p>\n<p>[\/et_pb_blurb][\/et_pb_column][et_pb_column type=&#8220;1_3&#8243; _builder_version=&#8220;4.16&#8243; global_colors_info=&#8220;{}&#8220;][et_pb_blurb use_icon=&#8220;on&#8220; font_icon=&#8220;&#xf005;||fa||900&#8243; icon_color=&#8220;#45B08C&#8220; image_icon_background_color=&#8220;#ffffff&#8220; image_icon_width=&#8220;34px&#8220; admin_label=&#8220;Service 01&#8243; _builder_version=&#8220;4.17.6&#8243; header_font=&#8220;Montserrat||||&#8220; header_text_color=&#8220;#1f1f1f&#8220; header_font_size=&#8220;22px&#8220; header_line_height=&#8220;1.8em&#8220; body_line_height=&#8220;1.9em&#8220; background_size=&#8220;initial&#8220; background_position=&#8220;top_left&#8220; background_repeat=&#8220;repeat&#8220; text_orientation=&#8220;center&#8220; animation_style=&#8220;fold&#8220; animation_direction=&#8220;bottom&#8220; animation_intensity_fold=&#8220;30%&#8220; border_width_all_image=&#8220;0px&#8220; border_color_all_image=&#8220;#FBFBFB&#8220; icon_font_size=&#8220;34px&#8220; locked=&#8220;off&#8220; global_colors_info=&#8220;{}&#8220;]<\/p>\n<p>PRAXISNAHE DEUTSCHKENNTNISSE F\u00dcR DAS T\u00c4GLICHE LEBEN<\/p>\n<p>[\/et_pb_blurb][\/et_pb_column][et_pb_column type=&#8220;1_3&#8243; _builder_version=&#8220;4.16&#8243; global_colors_info=&#8220;{}&#8220;][et_pb_blurb use_icon=&#8220;on&#8220; font_icon=&#8220;&#xe074;||divi||400&#8243; icon_color=&#8220;#B7AE9A&#8220; image_icon_background_color=&#8220;#ffffff&#8220; image_icon_width=&#8220;34px&#8220; admin_label=&#8220;Service 01&#8243; _builder_version=&#8220;4.17.6&#8243; header_font=&#8220;Montserrat||||&#8220; header_text_color=&#8220;#1f1f1f&#8220; header_font_size=&#8220;22px&#8220; header_line_height=&#8220;1.8em&#8220; body_line_height=&#8220;1.9em&#8220; background_size=&#8220;initial&#8220; background_position=&#8220;top_left&#8220; background_repeat=&#8220;repeat&#8220; text_orientation=&#8220;center&#8220; animation_style=&#8220;fold&#8220; animation_direction=&#8220;bottom&#8220; animation_intensity_fold=&#8220;30%&#8220; border_width_all_image=&#8220;0px&#8220; border_color_all_image=&#8220;#FBFBFB&#8220; icon_font_size=&#8220;34px&#8220; locked=&#8220;off&#8220; global_colors_info=&#8220;{}&#8220;]<\/p>\n<p>WIR HELFEN IHNEN, IHRE T\u00c4GLICHE KOMMUNIKATION ZU VERBESSERN<\/p>\n<p>[\/et_pb_blurb][\/et_pb_column][\/et_pb_row][et_pb_row _builder_version=&#8220;4.17.6&#8243; _module_preset=&#8220;default&#8220; global_colors_info=&#8220;{}&#8220;][et_pb_column type=&#8220;4_4&#8243; _builder_version=&#8220;4.17.6&#8243; _module_preset=&#8220;default&#8220; global_colors_info=&#8220;{}&#8220;][et_pb_text admin_label=&#8220;Title&#8220; _builder_version=&#8220;4.17.6&#8243; header_font=&#8220;Montserrat||||&#8220; header_text_color=&#8220;#1f1f1f&#8220; header_font_size=&#8220;25px&#8220; text_orientation=&#8220;center&#8220; animation_style=&#8220;fold&#8220; animation_direction=&#8220;bottom&#8220; animation_intensity_fold=&#8220;20%&#8220; header_text_color_tablet=&#8220;&#8220; header_text_color_phone=&#8220;&#8220; header_text_color_last_edited=&#8220;on|phone&#8220; global_colors_info=&#8220;{}&#8220;]<\/p>\n<h2>FAQ<\/h2>\n<p>[\/et_pb_text][et_pb_accordion icon_color=&#8220;#45B08C&#8220; _builder_version=&#8220;4.18.0&#8243; _module_preset=&#8220;default&#8220; global_colors_info=&#8220;{}&#8220;][et_pb_accordion_item title=&#8220;F\u00fcr wen ist dieser Kurs gedacht?&#8220; open=&#8220;on&#8220; _builder_version=&#8220;4.18.0&#8243; _module_preset=&#8220;default&#8220; global_colors_info=&#8220;{}&#8220;]<\/p>\n<p>Dieser Kurs richtet sich an Eltern, die mit dem Erlernen der deutschen Sprache beginnen m\u00f6chten, die so viel verstehen und sprechen k\u00f6nnen m\u00f6chten, dass sie Alltagssituationen meistern k\u00f6nnen.<\/p>\n<p>Termine ausmachen, sich zum Spielen verabreden, Smalltalk machen oder auf dem Spielplatz schlichten, eine Spielverabredung mit einem deutschen Kind bei sich zu Hause \u00fcberstehen, sich mit einer Arzthelferin unterhalten, Fleisch, K\u00e4se und Fisch an der Ladentheke kaufen und andere typische Situationen des &#8222;Familienlebens&#8220;.<\/p>\n<p>[\/et_pb_accordion_item][et_pb_accordion_item title=&#8220;Bereitet mich der Kurs auf eine Pr\u00fcfung vor?&#8220; _builder_version=&#8220;4.18.0&#8243; _module_preset=&#8220;default&#8220; global_colors_info=&#8220;{}&#8220; open=&#8220;off&#8220;]<\/p>\n<p>Nein! Unsere Kurse bereiten die TeilnehmerInnen auf Situationen im wirklichen Leben vor, daher konzentrieren wir uns auf das gesprochene Deutsch.<\/p>\n<p>Nat\u00fcrlich lesen wir auch relevante Texte, und die Hausaufgaben (ja, es wird welche geben &#8211; \u00dcbung macht den Meister!) bestehen manchmal aus schriftlichen \u00dcbungen, aber wir sind der Meinung, dass das Leben schon hart genug ist, ohne dass wir uns um Pr\u00fcfungsnoten sorgen m\u00fcssen.<\/p>\n<p>Der wahre Pr\u00fcfung ist, ob Sie das Gef\u00fchl haben, dass Sie sich verbessern. Ob Sie sich sicher f\u00fchlen, in Alltagssituationen Deutsch zu sprechen.<\/p>\n<p>Mit wachsendem Selbstvertrauen k\u00f6nnen TeilnehmerInnen sich jedes Mal, wenn Sie eine neue Situation \u00fcberstehen, Bestnoten geben!<\/p>\n<p>[\/et_pb_accordion_item][et_pb_accordion_item title=&#8220;Ist der Kurs nur f\u00fcr Anf\u00e4nger geeignet?&#8220; _builder_version=&#8220;4.18.0&#8243; _module_preset=&#8220;default&#8220; global_colors_info=&#8220;{}&#8220; open=&#8220;off&#8220;]<\/p>\n<p>Die Kurse, die wir derzeit anbieten, richten sich an absolute Anf\u00e4nger. Sie k\u00f6nnen sich aber auch an uns wenden, wenn bereits einige Deutschkenntnisse vorhanden sind, aber situationsbezogene Kenntnisse noch ben\u00f6tigt werden.<\/p>\n<p>Vielleicht k\u00f6nnen wir einen f\u00fcr Sie passenden Kurs organisieren.<\/p>\n<p>[\/et_pb_accordion_item][et_pb_accordion_item title=&#8220;Bieten Sie auch Einzelunterricht an?&#8220; _builder_version=&#8220;4.18.0&#8243; _module_preset=&#8220;default&#8220; global_colors_info=&#8220;{}&#8220; open=&#8220;off&#8220;]<\/p>\n<p>Obwohl wir der Meinung sind, dass Gruppenkurse den zus\u00e4tzlichen Vorteil bieten, dass Sie von den anderen Kursteilnehmern lernen und Ihr Netzwerk in Ihrem neuen Heimatland erweitern k\u00f6nnen, k\u00f6nnen wir auch Einzelunterricht organisieren.<\/p>\n<p><a href=\"#contact\">Schreiben Sie uns bitte eine E-Mail<\/a> wenn Sie weitere Informationen w\u00fcnschen.<\/p>\n<p>[\/et_pb_accordion_item][\/et_pb_accordion][\/et_pb_column][\/et_pb_row][et_pb_row admin_label=&#8220;Abschnitt Titel&#8220; _builder_version=&#8220;4.16&#8243; custom_margin=&#8220;|||&#8220; custom_padding=&#8220;27px|0px|27px|0px&#8220; locked=&#8220;off&#8220; global_colors_info=&#8220;{}&#8220;][et_pb_column type=&#8220;4_4&#8243; _builder_version=&#8220;4.16&#8243; custom_padding=&#8220;|||&#8220; global_colors_info=&#8220;{}&#8220; custom_padding__hover=&#8220;|||&#8220;][et_pb_text admin_label=&#8220;Title&#8220; _builder_version=&#8220;4.18.0&#8243; header_font=&#8220;Montserrat||||&#8220; header_text_color=&#8220;#1f1f1f&#8220; header_font_size=&#8220;25px&#8220; text_orientation=&#8220;center&#8220; animation_style=&#8220;fold&#8220; animation_direction=&#8220;bottom&#8220; animation_intensity_fold=&#8220;20%&#8220; header_text_color_tablet=&#8220;&#8220; header_text_color_phone=&#8220;&#8220; header_text_color_last_edited=&#8220;on|phone&#8220; global_colors_info=&#8220;{}&#8220;]<\/p>\n<h2>GERMAN BOOSTER &#8211; MIT DEUTSCH DURCHSTARTEN<\/h2>\n<p>[\/et_pb_text][et_pb_text _builder_version=&#8220;4.17.6&#8243; _module_preset=&#8220;default&#8220; global_colors_info=&#8220;{}&#8220;]<\/p>\n<p>Kennen Sie jemanden, der\/die Deutsch lernen m\u00f6chte? <br \/>Oder der bereits dabei ist, einen Deutschkurs zu besuchen? Vielleicht einen Deutschkurs an einer \u00f6rtlichen Volkshochschule (VHS)? Wenn man das Gef\u00fchl hat, dass zus\u00e4tzliche \u00dcbung und die M\u00f6glichkeit in einer kleineren Gruppe Fragen zu stellen hilfreich w\u00e4ren, dann ist man hier richtig! Auch im Zusammenhang mit der Pr\u00fcfungvorbereitung (A1, A2, B1 oder B2).<\/p>\n<p><span style=\"font-size: 18px;\">Daf\u00fcr ist dieses Angebot geschaffen worden, denn \u00dcbung macht bekanntlich den Meister (bzw. die Meisterin!) Wir m\u00f6chten Lernenden helfen, die deutsche Sprache zu beherrschen, indem wir die Fortschritte, die im Deutschkurs gemacht werden, beschleunigen. Wir bieten den Deutsch Booster als Einzelunterricht oder als Gruppenkurs (2-6 Teilnehmer) an. Wir decken den Raum Oberursel \/ Bad Homburg \/ Kronberg \/ Bad Soden und andere Orte auf Anfrage ab. <\/span><\/p>\n<p>[\/et_pb_text][et_pb_text _builder_version=&#8220;4.18.0&#8243; _module_preset=&#8220;default&#8220; background_color=&#8220;#141E47&#8243; background_layout=&#8220;dark&#8220; custom_padding=&#8220;20px|20px|20px|20px|true|true&#8220; locked=&#8220;off&#8220; global_colors_info=&#8220;{}&#8220;]<\/p>\n<p><strong>German Booster Kurse<\/strong><\/p>\n<p>Es sind derzeit keine Kurse geplant. Bitte <a href=\"#contact\">kontaktieren Sie uns<\/a>, wenn Sie auf die Mailingliste f\u00fcr Kurse im Jahr 2026 gesetzt werden m\u00f6chten. <\/p>\n<p>[\/et_pb_text][\/et_pb_column][\/et_pb_row][et_pb_row _builder_version=&#8220;4.18.0&#8243; _module_preset=&#8220;default&#8220; global_colors_info=&#8220;{}&#8220;][et_pb_column type=&#8220;4_4&#8243; _builder_version=&#8220;4.18.0&#8243; _module_preset=&#8220;default&#8220; global_colors_info=&#8220;{}&#8220;][\/et_pb_column][\/et_pb_row][\/et_pb_section]<\/p>\n","protected":false},"excerpt":{"rendered":"<p>ACT GLOBAL | FEEL LOCALSPEAK &amp; SUCCEEDKennen Sie jemanden, der\/die Deutsch lernen m\u00f6chte? Jemand der neu in Deutschland ist und sich ein wenig &#8222;verloren&#8220; f\u00fchlt? Auch wenn man nur f\u00fcr eine begrenzte Zeit in Deutschland ist, f\u00fchlt man sich wohler, wenn man kommunizieren kann! Wir helfen Eltern, das Deutsch zu lernen, das sie brauchen, um [&hellip;]<\/p>\n","protected":false},"author":1,"featured_media":0,"parent":0,"menu_order":0,"comment_status":"closed","ping_status":"closed","template":"","meta":{"_et_pb_use_builder":"on","_et_pb_old_content":"","_et_gb_content_width":"","footnotes":""},"class_list":["post-2153","page","type-page","status-publish","hentry"],"_links":{"self":[{"href":"https:\/\/nestsandwings.de\/de\/wp-json\/wp\/v2\/pages\/2153","targetHints":{"allow":["GET"]}}],"collection":[{"href":"https:\/\/nestsandwings.de\/de\/wp-json\/wp\/v2\/pages"}],"about":[{"href":"https:\/\/nestsandwings.de\/de\/wp-json\/wp\/v2\/types\/page"}],"author":[{"embeddable":true,"href":"https:\/\/nestsandwings.de\/de\/wp-json\/wp\/v2\/users\/1"}],"replies":[{"embeddable":true,"href":"https:\/\/nestsandwings.de\/de\/wp-json\/wp\/v2\/comments?post=2153"}],"version-history":[{"count":10,"href":"https:\/\/nestsandwings.de\/de\/wp-json\/wp\/v2\/pages\/2153\/revisions"}],"predecessor-version":[{"id":3720,"href":"https:\/\/nestsandwings.de\/de\/wp-json\/wp\/v2\/pages\/2153\/revisions\/3720"}],"wp:attachment":[{"href":"https:\/\/nestsandwings.de\/de\/wp-json\/wp\/v2\/media?parent=2153"}],"curies":[{"name":"wp","href":"https:\/\/api.w.org\/{rel}","templated":true}]}}