{"id":2280,"date":"2022-08-08T10:17:16","date_gmt":"2022-08-08T09:17:16","guid":{"rendered":"https:\/\/nestsandwings.de\/?page_id=2280"},"modified":"2025-10-23T11:10:46","modified_gmt":"2025-10-23T10:10:46","slug":"startseite__trashed","status":"publish","type":"page","link":"https:\/\/nestsandwings.de\/de\/","title":{"rendered":"Willkommen"},"content":{"rendered":"<p>[et_pb_section fb_built=&#8220;1&#8243; fullwidth=&#8220;on&#8220; admin_label=&#8220;Page Header&#8220; _builder_version=&#8220;4.17.6&#8243; background_color=&#8220;#ffffff&#8220; background_image=&#8220;https:\/\/nestsandwings.de\/wp-content\/uploads\/2022\/08\/NW-family.jpg&#8220; parallax=&#8220;on&#8220; global_colors_info=&#8220;{}&#8220;][et_pb_fullwidth_header header_fullscreen=&#8220;on&#8220; header_scroll_down=&#8220;on&#8220; scroll_down_icon=&#8220;%%0%%&#8220; scroll_down_icon_size=&#8220;48px&#8220; button_one_text=&#8220;Mehr erfahren&#8220; button_one_url=&#8220;#more&#8220; button_two_text=&#8220;Gruppen f\u00fcr internationale Familien&#8220; button_two_url=&#8220;@ET-DC@eyJkeW5hbWljIjp0cnVlLCJjb250ZW50IjoicG9zdF9saW5rX3VybF9wYWdlIiwic2V0dGluZ3MiOnsicG9zdF9pZCI6IjIxMzgifX0=@&#8220; admin_label=&#8220;Hero Section&#8220; _builder_version=&#8220;4.18.0&#8243; _dynamic_attributes=&#8220;button_two_url&#8220; title_font=&#8220;|600|||||||&#8220; title_line_height=&#8220;1.4em&#8220; content_font_size=&#8220;21px&#8220; subhead_font_size=&#8220;26px&#8220; subhead_letter_spacing=&#8220;3px&#8220; subhead_line_height=&#8220;1.9em&#8220; background_color_gradient_stops=&#8220;rgba(0,0,0,0.71) 1%|rgba(251,251,251,0) 100%&#8220; background_color_gradient_start=&#8220;rgba(61,61,61,0.53)&#8220; background_color_gradient_end=&#8220;rgba(251,251,251,0)&#8220; background_enable_image=&#8220;off&#8220; button_one_bg_color=&#8220;#141E47&#8243; button_one_border_color=&#8220;#141E47&#8243; button_two_bg_color=&#8220;#45B08C&#8220; button_two_border_color=&#8220;#45B08C&#8220; content_text_color_tablet=&#8220;&#8220; content_text_color_phone=&#8220;&#8220; content_text_color_last_edited=&#8220;on|phone&#8220; button_one_text_color_hover=&#8220;#6eba01&#8243; button_two_text_color_hover=&#8220;#6eba01&#8243; button_one_border_color_hover=&#8220;#ffffff&#8220; button_two_border_color_hover=&#8220;#ffffff&#8220; button_one_border_radius_hover=&#8220;0&#8243; button_two_border_radius_hover=&#8220;0&#8243; button_one_letter_spacing_hover=&#8220;2&#8243; button_two_letter_spacing_hover=&#8220;2&#8243; button_one_bg_color_hover=&#8220;#ffffff&#8220; button_two_bg_color_hover=&#8220;#ffffff&#8220; global_colors_info=&#8220;{}&#8220; button_one_text_size__hover_enabled=&#8220;off&#8220; button_two_text_size__hover_enabled=&#8220;off&#8220; button_one_text_color__hover=&#8220;#45B08C&#8220; button_two_text_color__hover=&#8220;#45B08C&#8220; button_one_border_width__hover_enabled=&#8220;off&#8220; button_two_border_width__hover_enabled=&#8220;off&#8220; button_two_border_color__hover_enabled=&#8220;on|hover&#8220; button_two_border_color__hover=&#8220;#141E47&#8243; button_two_bg_color__hover=&#8220;#141E47&#8243; button_two_bg_enable_color__hover=&#8220;on&#8220;]<\/p>\n<h1>ACT GLOBAL | FEEL LOCAL<\/h1>\n<p><strong>BUILD YOUR NEST IN GERMANY &amp; <\/strong><\/p>\n<p><strong>SPREAD YOUR WINGS INTERNATIONALLY <\/strong><\/p>\n<p>&nbsp;<\/p>\n<p>&nbsp;<\/p>\n<p><strong>Brauchen Sie Englisch im Job?<\/strong><\/p>\n<p><strong>Arbeiten Sie mit Kindern und m\u00fcssen mit deren internationalen Familien auf Englisch kommunizieren?<\/strong><\/p>\n<p><strong>M\u00f6chte Ihr Kind Englisch lernen oder \u00fcben?<br \/>Sie kennen eine Familie, die Hilfe beim Einleben braucht?<\/strong><\/p>\n<p>&nbsp;<\/p>\n<p><strong>Wir k\u00f6nnen helfen!<\/strong><\/p>\n<p>[\/et_pb_fullwidth_header][\/et_pb_section][et_pb_section fb_built=&#8220;1&#8243; admin_label=&#8220;Services&#8220; module_id=&#8220;mehr&#8220; _builder_version=&#8220;4.17.6&#8243; custom_padding=&#8220;50px||80px|||&#8220; global_colors_info=&#8220;{}&#8220;][et_pb_row admin_label=&#8220;\u00dcber uns&#8220; _builder_version=&#8220;4.16&#8243; use_custom_width=&#8220;on&#8220; custom_width_px=&#8220;900px&#8220; global_colors_info=&#8220;{}&#8220;][et_pb_column type=&#8220;4_4&#8243; _builder_version=&#8220;4.16&#8243; custom_padding=&#8220;|||&#8220; global_colors_info=&#8220;{}&#8220; custom_padding__hover=&#8220;|||&#8220;][et_pb_text admin_label=&#8220;About Section Title&#8220; _builder_version=&#8220;4.18.0&#8243; header_text_align=&#8220;center&#8220; header_2_text_align=&#8220;center&#8220; global_colors_info=&#8220;{}&#8220;]<\/p>\n<h2>KOMMUNIKATION IST DER SCHL\u00dcSSEL ZUM ERFOLG<\/h2>\n<p>[\/et_pb_text][et_pb_text admin_label=&#8220;About Section Text&#8220; _builder_version=&#8220;4.18.0&#8243; text_line_height=&#8220;1.9em&#8220; background_size=&#8220;initial&#8220; background_position=&#8220;top_left&#8220; background_repeat=&#8220;repeat&#8220; global_colors_info=&#8220;{}&#8220;]<\/p>\n<p style=\"text-align: center;\">In unserer globalen Welt bildet Englisch oft ein wesentlicher Bestandteil unseres Arbeitslebens.<\/p>\n<p style=\"text-align: center;\">Bei NESTS &amp; WINGS verfolgen wir einen bed\u00fcrfnisorientierten Ansatz beim Sprachunterricht: jede Unterrichtseinheit ist auf die spezifischen Bed\u00fcrfnisse der Lernenden zugeschnitten,<br \/><span style=\"font-size: 18px;\">seien es Ingenieure, B\u00fcroangestellte, F\u00fchrungskr\u00e4fte, ErzieherInnen in einer KiTa oder einem Kindergarten, Tagesm\u00fctter oder Tagesv\u00e4ter, oder Empfangskr\u00e4fte in Arztpraxen,<br \/>die sich auf Englisch verst\u00e4ndigen m\u00fcssen.<\/span><\/p>\n<p>[\/et_pb_text][\/et_pb_column][\/et_pb_row][et_pb_row admin_label=&#8220;\u00dcber uns&#8220; _builder_version=&#8220;4.16&#8243; use_custom_width=&#8220;on&#8220; custom_width_px=&#8220;900px&#8220; global_colors_info=&#8220;{}&#8220;][et_pb_column type=&#8220;4_4&#8243; _builder_version=&#8220;4.16&#8243; custom_padding=&#8220;|||&#8220; global_colors_info=&#8220;{}&#8220; custom_padding__hover=&#8220;|||&#8220;][et_pb_text admin_label=&#8220;About Section Title&#8220; _builder_version=&#8220;4.17.6&#8243; header_text_align=&#8220;center&#8220; header_2_text_align=&#8220;center&#8220; global_colors_info=&#8220;{}&#8220;]<\/p>\n<h2>WIR M\u00d6CHTEN, DASS SICH ALLE GLOBAL ZUHAUSE F\u00dcHLEN<\/h2>\n<p>[\/et_pb_text][et_pb_text admin_label=&#8220;About Section Text&#8220; _builder_version=&#8220;4.17.6&#8243; text_line_height=&#8220;1.9em&#8220; background_size=&#8220;initial&#8220; background_position=&#8220;top_left&#8220; background_repeat=&#8220;repeat&#8220; global_colors_info=&#8220;{}&#8220;]<\/p>\n<p style=\"text-align: center;\"> Wir sind f\u00fcr Sie da, um Sie zu unterst\u00fctzen.<\/p>\n<p style=\"text-align: center;\">Wir sind im Taunus beheimatet und bieten Kurse im Taunus und im Rhein-Main-Gebiet an, vorrangig in Kronberg \/ Oberursel \/ Frankfurt und Umgebung.<\/p>\n<p style=\"text-align: center;\">Wir verleihen Ihnen Fl\u00fcgel! Mit unseren Englischkursen f\u00fcr Grundschulkinder entdecken Ihre Kinder ihre Leidenschaft f\u00fcr eine Weltsprache, haben eine optimale Grundlage f\u00fcr die weiterf\u00fchrende Schule, und st\u00e4rken spielerisch ihren Selbstbewusstsein indem sie bereits jetzt im Urlaub erfolgreich auf Englisch kommunizieren k\u00f6nnen. Und mit unseren Englischkonversationskursen unterst\u00fctzen wir Eltern w\u00e4hrend der Babypause, damit sie f\u00fcr den Wiedereinstieg im Job bestens vorbereitet bleiben.<\/p>\n<p style=\"text-align: center;\">Auf Englisch bieten wir Kurse f\u00fcr Familien, die neu in Deutschland sind, und f\u00fcr frischgebackene Eltern, die sich auf Englisch wohler f\u00fchlen als auf Deutsch. Deutschkurse f\u00fcr Eltern runden unser Angebot ab.<\/p>\n<p>[\/et_pb_text][\/et_pb_column][\/et_pb_row][et_pb_row column_structure=&#8220;1_2,1_2&#8243; _builder_version=&#8220;4.16&#8243; background_size=&#8220;initial&#8220; background_position=&#8220;top_left&#8220; background_repeat=&#8220;repeat&#8220; custom_padding=&#8220;80px|||&#8220; global_colors_info=&#8220;{}&#8220;][et_pb_column type=&#8220;1_2&#8243; _builder_version=&#8220;4.16&#8243; background_position=&#8220;top_left&#8220; custom_padding=&#8220;|||&#8220; global_colors_info=&#8220;{}&#8220; custom_padding__hover=&#8220;|||&#8220;][et_pb_blurb title=&#8220;HOME &#038; HAPPY&#8220; url=&#8220;@ET-DC@eyJkeW5hbWljIjp0cnVlLCJjb250ZW50IjoicG9zdF9saW5rX3VybF9wYWdlIiwic2V0dGluZ3MiOnsicG9zdF9pZCI6IjIxMTgifX0=@&#8220; use_icon=&#8220;on&#8220; font_icon=&#8220;&#xe074;||divi||400&#8243; image_icon_background_color=&#8220;#141E47&#8243; admin_label=&#8220;Service 01&#8243; _builder_version=&#8220;4.17.6&#8243; _dynamic_attributes=&#8220;url&#8220; header_text_color=&#8220;#141E47&#8243; header_font_size=&#8220;22px&#8220; header_line_height=&#8220;1.8em&#8220; body_line_height=&#8220;1.9em&#8220; background_size=&#8220;initial&#8220; background_position=&#8220;top_left&#8220; background_repeat=&#8220;repeat&#8220; text_orientation=&#8220;center&#8220; custom_padding=&#8220;|50px||50px|false|true&#8220; custom_padding_tablet=&#8220;|50px||50px|false|true&#8220; custom_padding_phone=&#8220;|10px||10px|false|true&#8220; custom_padding_last_edited=&#8220;on|phone&#8220; animation_style=&#8220;fold&#8220; animation_direction=&#8220;bottom&#8220; animation_intensity_fold=&#8220;30%&#8220; border_color_all_image=&#8220;#141E47&#8243; icon_font_size=&#8220;34px&#8220; global_colors_info=&#8220;{}&#8220;]<\/p>\n<p>In unserem &#8222;Home &amp; Happy&#8220; Orientierungskurs k\u00f6nnen neue Familien in Deutschland lernen, wie der Alltag f\u00fcr Familien funktioniert.<\/p>\n<p>[\/et_pb_blurb][\/et_pb_column][et_pb_column type=&#8220;1_2&#8243; _builder_version=&#8220;4.16&#8243; background_position=&#8220;top_left&#8220; custom_padding=&#8220;|||&#8220; global_colors_info=&#8220;{}&#8220; custom_padding__hover=&#8220;|||&#8220;][et_pb_blurb title=&#8220;ENGLISCH F\u00dcR ERZIEHER*INNEN UND TAGESPFLEGEPERSONEN&#8220; url=&#8220;@ET-DC@eyJkeW5hbWljIjp0cnVlLCJjb250ZW50IjoicG9zdF9saW5rX3VybF9wYWdlIiwic2V0dGluZ3MiOnsicG9zdF9pZCI6IjIxMzgifX0=@&#8220; use_icon=&#8220;on&#8220; font_icon=&#8220;&#xe089;||divi||400&#8243; admin_label=&#8220;Service 01&#8243; _builder_version=&#8220;4.18.0&#8243; _dynamic_attributes=&#8220;url&#8220; header_text_color=&#8220;#141E47&#8243; header_font_size=&#8220;22px&#8220; header_line_height=&#8220;1.8em&#8220; body_line_height=&#8220;1.9em&#8220; background_size=&#8220;initial&#8220; background_position=&#8220;top_left&#8220; background_repeat=&#8220;repeat&#8220; text_orientation=&#8220;center&#8220; custom_padding=&#8220;|50px||50px|false|true&#8220; custom_padding_tablet=&#8220;|50px||50px|false|true&#8220; custom_padding_phone=&#8220;|10px||10px|false|true&#8220; custom_padding_last_edited=&#8220;on|phone&#8220; animation_style=&#8220;fold&#8220; animation_direction=&#8220;bottom&#8220; animation_intensity_fold=&#8220;30%&#8220; icon_font_size=&#8220;34px&#8220; global_colors_info=&#8220;{}&#8220;]<\/p>\n<p>Bei uns lernen Sie genau das, was Sie brauchen, um effektiv mit nicht-deutschsprachigen Eltern kommunizieren zu k\u00f6nnen.<\/p>\n<p>[\/et_pb_blurb][\/et_pb_column][\/et_pb_row][et_pb_row column_structure=&#8220;1_2,1_2&#8243; _builder_version=&#8220;4.16&#8243; background_size=&#8220;initial&#8220; background_position=&#8220;top_left&#8220; background_repeat=&#8220;repeat&#8220; custom_padding=&#8220;80px|||&#8220; global_colors_info=&#8220;{}&#8220;][et_pb_column type=&#8220;1_2&#8243; _builder_version=&#8220;4.16&#8243; background_position=&#8220;top_left&#8220; custom_padding=&#8220;|||&#8220; global_colors_info=&#8220;{}&#8220; custom_padding__hover=&#8220;|||&#8220;][et_pb_blurb title=&#8220;ENGLISCH F\u00dcR KINDER&#8220; url=&#8220;@ET-DC@eyJkeW5hbWljIjp0cnVlLCJjb250ZW50IjoicG9zdF9saW5rX3VybF9wYWdlIiwic2V0dGluZ3MiOnsicG9zdF9pZCI6IjIxMzgifX0=@&#8220; use_icon=&#8220;on&#8220; font_icon=&#8220;&#xe033;||divi||400&#8243; image_icon_background_color=&#8220;#B7AE9A&#8220; admin_label=&#8220;Service 01&#8243; _builder_version=&#8220;4.18.0&#8243; _dynamic_attributes=&#8220;url&#8220; header_text_color=&#8220;#141E47&#8243; header_font_size=&#8220;22px&#8220; header_line_height=&#8220;1.8em&#8220; body_line_height=&#8220;1.9em&#8220; background_size=&#8220;initial&#8220; background_position=&#8220;top_left&#8220; background_repeat=&#8220;repeat&#8220; text_orientation=&#8220;center&#8220; custom_padding=&#8220;|50px||50px|false|true&#8220; custom_padding_tablet=&#8220;|50px||50px|false|true&#8220; custom_padding_phone=&#8220;|10px||10px|false|true&#8220; custom_padding_last_edited=&#8220;on|phone&#8220; animation_style=&#8220;fold&#8220; animation_direction=&#8220;bottom&#8220; animation_intensity_fold=&#8220;30%&#8220; border_color_all_image=&#8220;#B7AE9A&#8220; icon_font_size=&#8220;34px&#8220; locked=&#8220;off&#8220; global_colors_info=&#8220;{}&#8220;]<\/p>\n<p>Kinder lieben es, spielerisch zu lernen, und genau das ist die Grundlage f\u00fcr unseren Englischunterricht f\u00fcr Grundschulkinder: Spa\u00df haben und dabei lernen, ohne es zu merken!<\/p>\n<p>[\/et_pb_blurb][\/et_pb_column][et_pb_column type=&#8220;1_2&#8243; _builder_version=&#8220;4.16&#8243; background_position=&#8220;top_left&#8220; custom_padding=&#8220;|||&#8220; global_colors_info=&#8220;{}&#8220; custom_padding__hover=&#8220;|||&#8220;][et_pb_blurb title=&#8220;BERUFSENGLISH&#8220; url=&#8220;@ET-DC@eyJkeW5hbWljIjp0cnVlLCJjb250ZW50IjoicG9zdF9saW5rX3VybF9wYWdlIiwic2V0dGluZ3MiOnsicG9zdF9pZCI6IjI0MDMifX0=@&#8220; use_icon=&#8220;on&#8220; font_icon=&#8220;&#xf086;||fa||900&#8243; image_icon_background_color=&#8220;#141E47&#8243; admin_label=&#8220;Service 01&#8243; _builder_version=&#8220;4.17.6&#8243; _dynamic_attributes=&#8220;url&#8220; header_text_color=&#8220;#141E47&#8243; header_font_size=&#8220;22px&#8220; header_line_height=&#8220;1.8em&#8220; body_line_height=&#8220;1.9em&#8220; background_size=&#8220;initial&#8220; background_position=&#8220;top_left&#8220; background_repeat=&#8220;repeat&#8220; text_orientation=&#8220;center&#8220; custom_padding=&#8220;|50px||50px|false|true&#8220; custom_padding_tablet=&#8220;|50px||50px|false|true&#8220; custom_padding_phone=&#8220;|10px||10px|false|true&#8220; custom_padding_last_edited=&#8220;on|phone&#8220; animation_style=&#8220;fold&#8220; animation_direction=&#8220;bottom&#8220; animation_intensity_fold=&#8220;30%&#8220; border_color_all_image=&#8220;#141E47&#8243; icon_font_size=&#8220;34px&#8220; locked=&#8220;off&#8220; global_colors_info=&#8220;{}&#8220;]<\/p>\n<div class=\"et_pb_text_inner\">\n<div data-shortcode-id=\"1.0.0.1-1659701584752\" data-quickaccess-editable=\"yes\" class=\"et-fb-popover-tinymce\">\n<div class=\"mce-content-body\" contenteditable=\"true\" style=\"position: relative;\">\n<p> Wir unterrichten Business Englisch und Englisch f\u00fcr KiTa-Fachkr\u00e4fte und Tagespflegepersonen. Unsere Kurse sind auf Ihre Bed\u00fcrfnisse bei Ihrer t\u00e4glichen Arbeit zugeschnitten &#8211; TEFL-akkreditierter Unterricht in kleinen Gruppen an Ihrem Arbeitsort oder abends. <\/p>\n<\/div>\n<\/div>\n<\/div>\n<div class=\"et-fb-mousetrap et-fb-mousetrap--module et-fb-mousetrap-move\" style=\"background: 0px center; pointer-events: auto;\"><\/div>\n<p>[\/et_pb_blurb][\/et_pb_column][\/et_pb_row][\/et_pb_section][et_pb_section fb_built=&#8220;1&#8243; admin_label=&#8220;Split Section&#8220; _builder_version=&#8220;4.16&#8243; custom_padding=&#8220;0px||0px|&#8220; animation_style=&#8220;fold&#8220; animation_direction=&#8220;bottom&#8220; animation_intensity_fold=&#8220;4%&#8220; global_colors_info=&#8220;{}&#8220;][et_pb_row column_structure=&#8220;1_2,1_2&#8243; use_custom_gutter=&#8220;on&#8220; gutter_width=&#8220;1&#8243; make_equal=&#8220;on&#8220; module_class=&#8220; et_pb_row_fullwidth&#8220; _builder_version=&#8220;4.17.6&#8243; background_size=&#8220;initial&#8220; background_position=&#8220;top_left&#8220; background_repeat=&#8220;repeat&#8220; width=&#8220;100%&#8220; width_tablet=&#8220;100%&#8220; width_phone=&#8220;&#8220; width_last_edited=&#8220;on|desktop&#8220; max_width=&#8220;100%&#8220; max_width_tablet=&#8220;100%&#8220; max_width_phone=&#8220;&#8220; max_width_last_edited=&#8220;on|desktop&#8220; custom_margin=&#8220;0px||0px|&#8220; custom_padding=&#8220;0px||0px|&#8220; make_fullwidth=&#8220;on&#8220; global_colors_info=&#8220;{}&#8220;][et_pb_column type=&#8220;1_2&#8243; _builder_version=&#8220;4.17.6&#8243; use_background_color_gradient=&#8220;on&#8220; background_image=&#8220;https:\/\/nestsandwings.de\/wp-content\/uploads\/2022\/08\/NW-nest2.jpg&#8220; background_position=&#8220;center_right&#8220; custom_padding=&#8220;|||&#8220; global_colors_info=&#8220;{}&#8220; custom_padding__hover=&#8220;|||&#8220;][\/et_pb_column][et_pb_column type=&#8220;1_2&#8243; _builder_version=&#8220;4.16&#8243; background_color=&#8220;#f4f4f4&#8243; background_position=&#8220;top_left&#8220; custom_padding=&#8220;8%|6%|8%|6%&#8220; global_colors_info=&#8220;{}&#8220; custom_padding__hover=&#8220;|||&#8220;][et_pb_divider show_divider=&#8220;off&#8220; disabled_on=&#8220;off|off|off&#8220; _builder_version=&#8220;4.16&#8243; background_color_gradient_direction=&#8220;90deg&#8220; max_width=&#8220;100px&#8220; module_alignment=&#8220;left&#8220; height=&#8220;5px&#8220; custom_margin=&#8220;||20px|&#8220; custom_padding=&#8220;||20px|&#8220; animation_style=&#8220;slide&#8220; animation_direction=&#8220;bottom&#8220; saved_tabs=&#8220;all&#8220; locked=&#8220;off&#8220; global_colors_info=&#8220;{}&#8220;][\/et_pb_divider][et_pb_cta title=&#8220;\u00dcBER MICH&#8220; button_url=&#8220;https:\/\/nestsandwings.de\/de\/ueber\/&#8220; button_text=&#8220;Mehr erfahren&#8220; admin_label=&#8220;Feature 01&#8243; _builder_version=&#8220;4.17.6&#8243; header_text_color=&#8220;#141E47&#8243; header_font_size=&#8220;36&#8243; header_line_height=&#8220;1.4em&#8220; body_line_height=&#8220;1.9em&#8220; use_background_color=&#8220;off&#8220; custom_button=&#8220;on&#8220; button_text_size=&#8220;18&#8243; button_text_color=&#8220;#ffffff&#8220; button_bg_color=&#8220;#45B08C&#8220; button_border_color=&#8220;#45B08C&#8220; button_border_radius=&#8220;0&#8243; button_letter_spacing=&#8220;2&#8243; button_font=&#8220;Montserrat|||on|&#8220; button_use_icon=&#8220;off&#8220; text_orientation=&#8220;left&#8220; background_layout=&#8220;light&#8220; max_width=&#8220;450px&#8220; module_alignment=&#8220;left&#8220; custom_margin=&#8220;|||&#8220; custom_padding=&#8220;|||&#8220; animation_style=&#8220;fold&#8220; animation_direction=&#8220;bottom&#8220; animation_intensity_fold=&#8220;15%&#8220; button_text_color_hover=&#8220;#6eba01&#8243; button_border_color_hover=&#8220;#6eba01&#8243; button_border_radius_hover=&#8220;0&#8243; button_letter_spacing_hover=&#8220;2&#8243; button_bg_color_hover=&#8220;rgba(0,0,0,0)&#8220; saved_tabs=&#8220;all&#8220; locked=&#8220;off&#8220; global_colors_info=&#8220;{}&#8220; button_text_size__hover_enabled=&#8220;off&#8220; button_one_text_size__hover_enabled=&#8220;off&#8220; button_two_text_size__hover_enabled=&#8220;off&#8220; button_text_color__hover_enabled=&#8220;on&#8220; button_text_color__hover=&#8220;#45B08C&#8220; button_one_text_color__hover_enabled=&#8220;off&#8220; button_two_text_color__hover_enabled=&#8220;off&#8220; button_border_width__hover_enabled=&#8220;off&#8220; button_one_border_width__hover_enabled=&#8220;off&#8220; button_two_border_width__hover_enabled=&#8220;off&#8220; button_border_color__hover_enabled=&#8220;on&#8220; button_border_color__hover=&#8220;#45B08C&#8220; button_one_border_color__hover_enabled=&#8220;off&#8220; button_two_border_color__hover_enabled=&#8220;off&#8220; button_border_radius__hover_enabled=&#8220;on&#8220; button_border_radius__hover=&#8220;0&#8243; button_one_border_radius__hover_enabled=&#8220;off&#8220; button_two_border_radius__hover_enabled=&#8220;off&#8220; button_letter_spacing__hover_enabled=&#8220;on&#8220; button_letter_spacing__hover=&#8220;2&#8243; button_one_letter_spacing__hover_enabled=&#8220;off&#8220; button_two_letter_spacing__hover_enabled=&#8220;off&#8220; button_bg_color__hover_enabled=&#8220;on&#8220; button_bg_color__hover=&#8220;rgba(0,0,0,0)&#8220; button_one_bg_color__hover_enabled=&#8220;off&#8220; button_two_bg_color__hover_enabled=&#8220;off&#8220;]<\/p>\n<p>Die Gr\u00fcnderin von Nests &amp; Wings lebt und arbeitet seit 2001 im Raum Frankfurt \/ Taunus, spricht flie\u00dfend Englisch und flie\u00dfend Deutsch und hat zwei Kinder.<\/p>\n<p>Dank ihrer vielf\u00e4ltigen Erfahrung als Sprachlehrerin im Unternehmen und im Kindergarten, unterst\u00fctzt durch ihre TEFL-Qualifikationen, ist Clare bestens ausger\u00fcstet f\u00fcr zielgruppenspezifische Englischkurse, die Spa\u00df machen und alle Teilnehmer weiterbringen. Act Global Feel Local!<\/p>\n<p>[\/et_pb_cta][\/et_pb_column][\/et_pb_row][\/et_pb_section]<\/p>\n","protected":false},"excerpt":{"rendered":"<p>ACT GLOBAL | FEEL LOCAL BUILD YOUR NEST IN GERMANY &amp; SPREAD YOUR WINGS INTERNATIONALLY &nbsp; &nbsp; Brauchen Sie Englisch im Job? Arbeiten Sie mit Kindern und m\u00fcssen mit deren internationalen Familien auf Englisch kommunizieren? M\u00f6chte Ihr Kind Englisch lernen oder \u00fcben?Sie kennen eine Familie, die Hilfe beim Einleben braucht? &nbsp; Wir k\u00f6nnen helfen!KOMMUNIKATION IST [&hellip;]<\/p>\n","protected":false},"author":1,"featured_media":0,"parent":0,"menu_order":0,"comment_status":"closed","ping_status":"closed","template":"","meta":{"_et_pb_use_builder":"on","_et_pb_old_content":"","_et_gb_content_width":"","footnotes":""},"class_list":["post-2280","page","type-page","status-publish","hentry"],"_links":{"self":[{"href":"https:\/\/nestsandwings.de\/de\/wp-json\/wp\/v2\/pages\/2280","targetHints":{"allow":["GET"]}}],"collection":[{"href":"https:\/\/nestsandwings.de\/de\/wp-json\/wp\/v2\/pages"}],"about":[{"href":"https:\/\/nestsandwings.de\/de\/wp-json\/wp\/v2\/types\/page"}],"author":[{"embeddable":true,"href":"https:\/\/nestsandwings.de\/de\/wp-json\/wp\/v2\/users\/1"}],"replies":[{"embeddable":true,"href":"https:\/\/nestsandwings.de\/de\/wp-json\/wp\/v2\/comments?post=2280"}],"version-history":[{"count":10,"href":"https:\/\/nestsandwings.de\/de\/wp-json\/wp\/v2\/pages\/2280\/revisions"}],"predecessor-version":[{"id":3767,"href":"https:\/\/nestsandwings.de\/de\/wp-json\/wp\/v2\/pages\/2280\/revisions\/3767"}],"wp:attachment":[{"href":"https:\/\/nestsandwings.de\/de\/wp-json\/wp\/v2\/media?parent=2280"}],"curies":[{"name":"wp","href":"https:\/\/api.w.org\/{rel}","templated":true}]}}